{"id":25,"date":"2025-12-08T18:09:39","date_gmt":"2025-12-08T18:09:39","guid":{"rendered":"https:\/\/new.metalu.flow.ovh\/?page_id=25"},"modified":"2025-12-09T10:28:19","modified_gmt":"2025-12-09T10:28:19","slug":"confirmation","status":"publish","type":"page","link":"https:\/\/new.metalu.flow.ovh\/?page_id=25","title":{"rendered":"Confirmation"},"content":{"rendered":"\t\t<div data-elementor-type=\"wp-post\" data-elementor-id=\"25\" class=\"elementor elementor-25\">\n\t\t\t\t<div class=\"elementor-element elementor-element-1091902 e-flex e-con-boxed e-con e-parent\" data-id=\"1091902\" data-element_type=\"container\">\n\t\t\t\t\t<div class=\"e-con-inner\">\n\t\t\t\t<div class=\"elementor-element elementor-element-cc34b4d elementor-widget elementor-widget-heading\" data-id=\"cc34b4d\" data-element_type=\"widget\" data-widget_type=\"heading.default\">\n\t\t\t\t\t<h2 class=\"elementor-heading-title elementor-size-default\">Confirmation de votre demande<\/h2>\t\t\t\t<\/div>\n\t\t\t\t\t<\/div>\n\t\t\t\t<\/div>\n\t\t<div class=\"elementor-element elementor-element-64fc1f4 e-flex e-con-boxed e-con e-parent\" data-id=\"64fc1f4\" data-element_type=\"container\">\n\t\t\t\t\t<div class=\"e-con-inner\">\n\t\t\t\t<div class=\"elementor-element elementor-element-a21cd39 elementor-widget elementor-widget-text-editor\" data-id=\"a21cd39\" data-element_type=\"widget\" data-widget_type=\"text-editor.default\">\n\t\t\t\t\t\t\t\t\t<p>Vous allez recevoir un mail contenant le r\u00e9capitulatif de votre commande.<\/p><p>Nous vous recontacterons tr\u00e8s prochainement pour vous soumettre notre devis.<\/p>\t\t\t\t\t\t\t\t<\/div>\n\t\t\t\t\t<\/div>\n\t\t\t\t<\/div>\n\t\t\t\t<\/div>\n\t\t","protected":false},"excerpt":{"rendered":"<p>Confirmation de votre demande Vous allez recevoir un mail contenant le r\u00e9capitulatif de votre commande. Nous vous recontacterons tr\u00e8s prochainement [&hellip;]<\/p>\n","protected":false},"author":1,"featured_media":0,"parent":6,"menu_order":0,"comment_status":"closed","ping_status":"closed","template":"","meta":{"site-sidebar-layout":"no-sidebar","site-content-layout":"","ast-site-content-layout":"full-width-container","site-content-style":"default","site-sidebar-style":"default","ast-global-header-display":"","ast-banner-title-visibility":"","ast-main-header-display":"","ast-hfb-above-header-display":"","ast-hfb-below-header-display":"","ast-hfb-mobile-header-display":"","site-post-title":"","ast-breadcrumbs-content":"","ast-featured-img":"disabled","footer-sml-layout":"","ast-disable-related-posts":"","theme-transparent-header-meta":"","adv-header-id-meta":"","stick-header-meta":"","header-above-stick-meta":"","header-main-stick-meta":"","header-below-stick-meta":"","astra-migrate-meta-layouts":"default","ast-page-background-enabled":"default","ast-page-background-meta":{"desktop":{"background-color":"var(--ast-global-color-5)","background-image":"","background-repeat":"repeat","background-position":"center center","background-size":"auto","background-attachment":"scroll","background-type":"","background-media":"","overlay-type":"","overlay-color":"","overlay-opacity":"","overlay-gradient":""},"tablet":{"background-color":"","background-image":"","background-repeat":"repeat","background-position":"center center","background-size":"auto","background-attachment":"scroll","background-type":"","background-media":"","overlay-type":"","overlay-color":"","overlay-opacity":"","overlay-gradient":""},"mobile":{"background-color":"","background-image":"","background-repeat":"repeat","background-position":"center center","background-size":"auto","background-attachment":"scroll","background-type":"","background-media":"","overlay-type":"","overlay-color":"","overlay-opacity":"","overlay-gradient":""}},"ast-content-background-meta":{"desktop":{"background-color":"var(--ast-global-color-4)","background-image":"","background-repeat":"repeat","background-position":"center center","background-size":"auto","background-attachment":"scroll","background-type":"","background-media":"","overlay-type":"","overlay-color":"","overlay-opacity":"","overlay-gradient":""},"tablet":{"background-color":"var(--ast-global-color-4)","background-image":"","background-repeat":"repeat","background-position":"center center","background-size":"auto","background-attachment":"scroll","background-type":"","background-media":"","overlay-type":"","overlay-color":"","overlay-opacity":"","overlay-gradient":""},"mobile":{"background-color":"var(--ast-global-color-4)","background-image":"","background-repeat":"repeat","background-position":"center center","background-size":"auto","background-attachment":"scroll","background-type":"","background-media":"","overlay-type":"","overlay-color":"","overlay-opacity":"","overlay-gradient":""}},"footnotes":""},"class_list":["post-25","page","type-page","status-publish","hentry"],"yoast_head":"<!-- This site is optimized with the Yoast SEO plugin v26.5 - https:\/\/yoast.com\/wordpress\/plugins\/seo\/ -->\n<title>Confirmation - Metalu<\/title>\n<meta name=\"robots\" content=\"index, follow, max-snippet:-1, max-image-preview:large, max-video-preview:-1\" \/>\n<link rel=\"canonical\" href=\"https:\/\/new.metalu.flow.ovh\/?page_id=25\" \/>\n<meta property=\"og:locale\" content=\"fr_FR\" \/>\n<meta property=\"og:type\" content=\"article\" \/>\n<meta property=\"og:title\" content=\"Confirmation - Metalu\" \/>\n<meta property=\"og:description\" content=\"Confirmation de votre demande Vous allez recevoir un mail contenant le r\u00e9capitulatif de votre commande. Nous vous recontacterons tr\u00e8s prochainement [&hellip;]\" \/>\n<meta property=\"og:url\" content=\"https:\/\/new.metalu.flow.ovh\/?page_id=25\" \/>\n<meta property=\"og:site_name\" content=\"Metalu\" \/>\n<meta property=\"article:modified_time\" content=\"2025-12-09T10:28:19+00:00\" \/>\n<meta name=\"twitter:card\" content=\"summary_large_image\" \/>\n<meta name=\"twitter:label1\" content=\"Dur\u00e9e de lecture estim\u00e9e\" \/>\n\t<meta name=\"twitter:data1\" content=\"1 minute\" \/>\n<script type=\"application\/ld+json\" class=\"yoast-schema-graph\">{\"@context\":\"https:\/\/schema.org\",\"@graph\":[{\"@type\":\"WebPage\",\"@id\":\"https:\/\/new.metalu.flow.ovh\/?page_id=25\",\"url\":\"https:\/\/new.metalu.flow.ovh\/?page_id=25\",\"name\":\"Confirmation - Metalu\",\"isPartOf\":{\"@id\":\"https:\/\/new.metalu.flow.ovh\/#website\"},\"datePublished\":\"2025-12-08T18:09:39+00:00\",\"dateModified\":\"2025-12-09T10:28:19+00:00\",\"breadcrumb\":{\"@id\":\"https:\/\/new.metalu.flow.ovh\/?page_id=25#breadcrumb\"},\"inLanguage\":\"fr-FR\",\"potentialAction\":[{\"@type\":\"ReadAction\",\"target\":[\"https:\/\/new.metalu.flow.ovh\/?page_id=25\"]}]},{\"@type\":\"BreadcrumbList\",\"@id\":\"https:\/\/new.metalu.flow.ovh\/?page_id=25#breadcrumb\",\"itemListElement\":[{\"@type\":\"ListItem\",\"position\":1,\"name\":\"Accueil\",\"item\":\"https:\/\/new.metalu.flow.ovh\/\"},{\"@type\":\"ListItem\",\"position\":2,\"name\":\"Pi\u00e8ces d\u00e9tach\u00e9es\",\"item\":\"https:\/\/new.metalu.flow.ovh\/?page_id=6\"},{\"@type\":\"ListItem\",\"position\":3,\"name\":\"Confirmation\"}]},{\"@type\":\"WebSite\",\"@id\":\"https:\/\/new.metalu.flow.ovh\/#website\",\"url\":\"https:\/\/new.metalu.flow.ovh\/\",\"name\":\"Metalu\",\"description\":\"\",\"potentialAction\":[{\"@type\":\"SearchAction\",\"target\":{\"@type\":\"EntryPoint\",\"urlTemplate\":\"https:\/\/new.metalu.flow.ovh\/?s={search_term_string}\"},\"query-input\":{\"@type\":\"PropertyValueSpecification\",\"valueRequired\":true,\"valueName\":\"search_term_string\"}}],\"inLanguage\":\"fr-FR\"}]}<\/script>\n<!-- \/ Yoast SEO plugin. -->","yoast_head_json":{"title":"Confirmation - Metalu","robots":{"index":"index","follow":"follow","max-snippet":"max-snippet:-1","max-image-preview":"max-image-preview:large","max-video-preview":"max-video-preview:-1"},"canonical":"https:\/\/new.metalu.flow.ovh\/?page_id=25","og_locale":"fr_FR","og_type":"article","og_title":"Confirmation - Metalu","og_description":"Confirmation de votre demande Vous allez recevoir un mail contenant le r\u00e9capitulatif de votre commande. Nous vous recontacterons tr\u00e8s prochainement [&hellip;]","og_url":"https:\/\/new.metalu.flow.ovh\/?page_id=25","og_site_name":"Metalu","article_modified_time":"2025-12-09T10:28:19+00:00","twitter_card":"summary_large_image","twitter_misc":{"Dur\u00e9e de lecture estim\u00e9e":"1 minute"},"schema":{"@context":"https:\/\/schema.org","@graph":[{"@type":"WebPage","@id":"https:\/\/new.metalu.flow.ovh\/?page_id=25","url":"https:\/\/new.metalu.flow.ovh\/?page_id=25","name":"Confirmation - Metalu","isPartOf":{"@id":"https:\/\/new.metalu.flow.ovh\/#website"},"datePublished":"2025-12-08T18:09:39+00:00","dateModified":"2025-12-09T10:28:19+00:00","breadcrumb":{"@id":"https:\/\/new.metalu.flow.ovh\/?page_id=25#breadcrumb"},"inLanguage":"fr-FR","potentialAction":[{"@type":"ReadAction","target":["https:\/\/new.metalu.flow.ovh\/?page_id=25"]}]},{"@type":"BreadcrumbList","@id":"https:\/\/new.metalu.flow.ovh\/?page_id=25#breadcrumb","itemListElement":[{"@type":"ListItem","position":1,"name":"Accueil","item":"https:\/\/new.metalu.flow.ovh\/"},{"@type":"ListItem","position":2,"name":"Pi\u00e8ces d\u00e9tach\u00e9es","item":"https:\/\/new.metalu.flow.ovh\/?page_id=6"},{"@type":"ListItem","position":3,"name":"Confirmation"}]},{"@type":"WebSite","@id":"https:\/\/new.metalu.flow.ovh\/#website","url":"https:\/\/new.metalu.flow.ovh\/","name":"Metalu","description":"","potentialAction":[{"@type":"SearchAction","target":{"@type":"EntryPoint","urlTemplate":"https:\/\/new.metalu.flow.ovh\/?s={search_term_string}"},"query-input":{"@type":"PropertyValueSpecification","valueRequired":true,"valueName":"search_term_string"}}],"inLanguage":"fr-FR"}]}},"_links":{"self":[{"href":"https:\/\/new.metalu.flow.ovh\/index.php?rest_route=\/wp\/v2\/pages\/25","targetHints":{"allow":["GET"]}}],"collection":[{"href":"https:\/\/new.metalu.flow.ovh\/index.php?rest_route=\/wp\/v2\/pages"}],"about":[{"href":"https:\/\/new.metalu.flow.ovh\/index.php?rest_route=\/wp\/v2\/types\/page"}],"author":[{"embeddable":true,"href":"https:\/\/new.metalu.flow.ovh\/index.php?rest_route=\/wp\/v2\/users\/1"}],"replies":[{"embeddable":true,"href":"https:\/\/new.metalu.flow.ovh\/index.php?rest_route=%2Fwp%2Fv2%2Fcomments&post=25"}],"version-history":[{"count":4,"href":"https:\/\/new.metalu.flow.ovh\/index.php?rest_route=\/wp\/v2\/pages\/25\/revisions"}],"predecessor-version":[{"id":44,"href":"https:\/\/new.metalu.flow.ovh\/index.php?rest_route=\/wp\/v2\/pages\/25\/revisions\/44"}],"up":[{"embeddable":true,"href":"https:\/\/new.metalu.flow.ovh\/index.php?rest_route=\/wp\/v2\/pages\/6"}],"wp:attachment":[{"href":"https:\/\/new.metalu.flow.ovh\/index.php?rest_route=%2Fwp%2Fv2%2Fmedia&parent=25"}],"curies":[{"name":"wp","href":"https:\/\/api.w.org\/{rel}","templated":true}]}}