{"id":35,"date":"2025-12-08T18:31:12","date_gmt":"2025-12-08T18:31:12","guid":{"rendered":"https:\/\/new.metalu.flow.ovh\/?page_id=35"},"modified":"2025-12-09T10:22:27","modified_gmt":"2025-12-09T10:22:27","slug":"elementor-35","status":"publish","type":"page","link":"https:\/\/new.metalu.flow.ovh\/?page_id=35","title":{"rendered":"R\u00e9capitulatif"},"content":{"rendered":"\t\t<div data-elementor-type=\"wp-page\" data-elementor-id=\"35\" class=\"elementor elementor-35\">\n\t\t\t\t<div class=\"elementor-element elementor-element-e8f30fd e-flex e-con-boxed e-con e-parent\" data-id=\"e8f30fd\" data-element_type=\"container\">\n\t\t\t\t\t<div class=\"e-con-inner\">\n\t\t\t\t<div class=\"elementor-element elementor-element-56d1bd5 elementor-widget elementor-widget-shortcode\" data-id=\"56d1bd5\" data-element_type=\"widget\" data-widget_type=\"shortcode.default\">\n\t\t\t\t\t\t\t<div class=\"elementor-shortcode\"><form id=\"dahive-products-169d8e3f24627d\" class=\"dahive-products\" method=\"post\"><div class=\"dp-breadcrumb\">\n\t\t\t<div class=\"step\">1. Products choice<\/div>\n\t\t\t<div class=\"step active\">2. Summary & contact details<\/div>\n\t\t\t<div class=\"step\">3. Confirmation<\/div>\n\t\t<\/div><div id=\"form-recap\"><h2>Your contact details<\/h2>\n\t\t\t<div class=\"row\">\n\t\t\t\t<div class=\"col-sm-12 col-md-6\">\n\t\t\t\t\t<label for=\"prenom\">First name<\/label>\n\t\t\t\t\t<input type=\"text\" id=\"prenom\" name=\"coord[prenom]\" value=\"\" required=\"required\"\/>\n\t\t\t\t<\/div>\n\t\t\t\t<div class=\"col-sm-12 col-md-6\">\n\t\t\t\t\t<label for=\"nom\">Last name<\/label>\n\t\t\t\t\t<input type=\"text\" id=\"nom\" name=\"coord[nom]\" value=\"\" required=\"required\"\/>\n\t\t\t\t<\/div>\n\t\t\t<\/div>\n\t\t\t<div class=\"row\">\n\t\t\t\t<div class=\"col-sm-12\">\n\t\t\t\t\t<label for=\"societe\">Company<\/label>\n\t\t\t\t\t<input type=\"text\" id=\"societe\" name=\"coord[societe]\" value=\"\" required=\"required\"\/>\n\t\t\t\t<\/div>\n\t\t\t<\/div>\t\t\t\n\t\t\t<div class=\"row\">\n\t\t\t\t<div class=\"col-sm-12 col-md-4\">\n\t\t\t\t\t<label for=\"tel\">Telephone<\/label>\n\t\t\t\t\t<input type=\"text\" id=\"tel\" name=\"coord[tel]\" value=\"\" required=\"required\"\/>\n\t\t\t\t<\/div>\n\t\t\t\t<div class=\"col-sm-12 col-md-6\">\n\t\t\t\t\t<label for=\"email\">Email<\/label>\n\t\t\t\t\t<input type=\"text\" id=\"email\" name=\"coord[email]\" value=\"\" required=\"required\"\/>\n\t\t\t\t<\/div>\n\t\t\t<\/div>\n\t\t\t<h2>Billing address<\/h2>\n\t\t\t<div class=\"row\">\n\t\t\t\t<div class=\"col-sm-12\">\n\t\t\t\t\t<label for=\"adresse-fact\">Address<\/label>\n\t\t\t\t\t<input type=\"text\" id=\"adresse-fact\" name=\"coord[adresse-fact]\" value=\"\" required=\"required\"\/>\n\t\t\t\t<\/div>\n\t\t\t<\/div>\t\t\t\n\t\t\t<div class=\"row\">\n\t\t\t\t<div class=\"col-sm-12 col-md-4\">\n\t\t\t\t\t<label for=\"cp-fact\">Postal code<\/label>\n\t\t\t\t\t<input type=\"text\" id=\"cp-fact\" name=\"coord[cp-fact]\" value=\"\" required=\"required\"\/>\n\t\t\t\t<\/div>\n\t\t\t\t<div class=\"col-sm-12 col-md-6\">\n\t\t\t\t\t<label for=\"ville-fact\">City<\/label>\n\t\t\t\t\t<input type=\"text\" id=\"ville-fact\" name=\"coord[ville-fact]\" value=\"\" required=\"required\"\/>\n\t\t\t\t<\/div>\n\t\t\t<\/div>\n\t\t\t<h2>\tDelivery address<\/h2>\n\t\t\t<div class=\"row\">\n\t\t\t\t<div class=\"col-sm-12\">\n\t\t\t\t\t<label for=\"identique\"><input type=\"radio\" id=\"identique\" name=\"compare-adresse\" required=\"required\" value=\"identique\"\/> <strong><u>Same<\/u><\/strong> delivery address<\/label>\n\t\t\t\t\t<label for=\"differente\"><input type=\"radio\" id=\"differente\" name=\"compare-adresse\" required=\"required\" value=\"differente\"\/> <strong><u>Other<\/u><\/strong> delivery address<\/label>\n\t\t\t\t<\/div>\n\t\t\t<\/div>\n\t\t\t<div id=\"dp-adresse-livraison\">\n\t\t\t\t<div class=\"row\">\n\t\t\t\t\t<div class=\"col-sm-12\">\n\t\t\t\t\t\t<label for=\"adresse-liv\">Address<\/label>\n\t\t\t\t\t\t<input type=\"text\" id=\"adresse-liv\" name=\"coord[adresse-liv]\" value=\"\" \/>\n\t\t\t\t\t<\/div>\n\t\t\t\t<\/div>\t\t\t\n\t\t\t\t<div class=\"row\">\n\t\t\t\t\t<div class=\"col-sm-12 col-md-4\">\n\t\t\t\t\t\t<label for=\"cp-liv\">Postal code<\/label>\n\t\t\t\t\t\t<input type=\"text\" id=\"cp-liv\" name=\"coord[cp-liv]\" value=\"\" \/>\n\t\t\t\t\t<\/div>\n\t\t\t\t\t<div class=\"col-sm-12 col-md-6\">\n\t\t\t\t\t\t<label for=\"\">City<\/label>\n\t\t\t\t\t\t<input type=\"text\" id=\"ville-liv\" name=\"coord[ville-liv]\" value=\"\" \/>\n\t\t\t\t\t<\/div>\n\t\t\t\t<\/div>\n\t\t\t<\/div>\n\t\t\t<\/div>\n\t\t\t<div class=\"dp-submit\">\n\t\t\t\t<input type=\"hidden\" name=\"securite_nonce\" value=\"ccfac3e8f3\"\/>\n\t\t\t\t<input type=\"hidden\" name=\"user_id\" value=\"169d8e3f24627d\"\/><p>You will receive a copy by email containing the summary of your request (which you will be able to print)<\/p><input type=\"submit\" name=\"dahive-products_send-devis\" value=\"Send quote request\"\/><\/div><\/form><\/div>\n\t\t\t\t\t\t<\/div>\n\t\t\t\t\t<\/div>\n\t\t\t\t<\/div>\n\t\t\t\t<\/div>\n\t\t","protected":false},"excerpt":{"rendered":"","protected":false},"author":1,"featured_media":0,"parent":6,"menu_order":0,"comment_status":"closed","ping_status":"closed","template":"","meta":{"site-sidebar-layout":"no-sidebar","site-content-layout":"","ast-site-content-layout":"full-width-container","site-content-style":"default","site-sidebar-style":"default","ast-global-header-display":"","ast-banner-title-visibility":"","ast-main-header-display":"","ast-hfb-above-header-display":"","ast-hfb-below-header-display":"","ast-hfb-mobile-header-display":"","site-post-title":"","ast-breadcrumbs-content":"","ast-featured-img":"disabled","footer-sml-layout":"","ast-disable-related-posts":"","theme-transparent-header-meta":"","adv-header-id-meta":"","stick-header-meta":"","header-above-stick-meta":"","header-main-stick-meta":"","header-below-stick-meta":"","astra-migrate-meta-layouts":"default","ast-page-background-enabled":"default","ast-page-background-meta":{"desktop":{"background-color":"var(--ast-global-color-5)","background-image":"","background-repeat":"repeat","background-position":"center center","background-size":"auto","background-attachment":"scroll","background-type":"","background-media":"","overlay-type":"","overlay-color":"","overlay-opacity":"","overlay-gradient":""},"tablet":{"background-color":"","background-image":"","background-repeat":"repeat","background-position":"center center","background-size":"auto","background-attachment":"scroll","background-type":"","background-media":"","overlay-type":"","overlay-color":"","overlay-opacity":"","overlay-gradient":""},"mobile":{"background-color":"","background-image":"","background-repeat":"repeat","background-position":"center center","background-size":"auto","background-attachment":"scroll","background-type":"","background-media":"","overlay-type":"","overlay-color":"","overlay-opacity":"","overlay-gradient":""}},"ast-content-background-meta":{"desktop":{"background-color":"var(--ast-global-color-4)","background-image":"","background-repeat":"repeat","background-position":"center center","background-size":"auto","background-attachment":"scroll","background-type":"","background-media":"","overlay-type":"","overlay-color":"","overlay-opacity":"","overlay-gradient":""},"tablet":{"background-color":"var(--ast-global-color-4)","background-image":"","background-repeat":"repeat","background-position":"center center","background-size":"auto","background-attachment":"scroll","background-type":"","background-media":"","overlay-type":"","overlay-color":"","overlay-opacity":"","overlay-gradient":""},"mobile":{"background-color":"var(--ast-global-color-4)","background-image":"","background-repeat":"repeat","background-position":"center center","background-size":"auto","background-attachment":"scroll","background-type":"","background-media":"","overlay-type":"","overlay-color":"","overlay-opacity":"","overlay-gradient":""}},"footnotes":""},"class_list":["post-35","page","type-page","status-publish","hentry"],"yoast_head":"<!-- This site is optimized with the Yoast SEO plugin v26.5 - https:\/\/yoast.com\/wordpress\/plugins\/seo\/ -->\n<title>R\u00e9capitulatif - Metalu<\/title>\n<meta name=\"robots\" content=\"index, follow, max-snippet:-1, max-image-preview:large, max-video-preview:-1\" \/>\n<link rel=\"canonical\" href=\"https:\/\/new.metalu.flow.ovh\/?page_id=35\" \/>\n<meta property=\"og:locale\" content=\"fr_FR\" \/>\n<meta property=\"og:type\" content=\"article\" \/>\n<meta property=\"og:title\" content=\"R\u00e9capitulatif - Metalu\" \/>\n<meta property=\"og:url\" content=\"https:\/\/new.metalu.flow.ovh\/?page_id=35\" \/>\n<meta property=\"og:site_name\" content=\"Metalu\" \/>\n<meta property=\"article:modified_time\" content=\"2025-12-09T10:22:27+00:00\" \/>\n<meta name=\"twitter:card\" content=\"summary_large_image\" \/>\n<script type=\"application\/ld+json\" class=\"yoast-schema-graph\">{\"@context\":\"https:\/\/schema.org\",\"@graph\":[{\"@type\":\"WebPage\",\"@id\":\"https:\/\/new.metalu.flow.ovh\/?page_id=35\",\"url\":\"https:\/\/new.metalu.flow.ovh\/?page_id=35\",\"name\":\"R\u00e9capitulatif - Metalu\",\"isPartOf\":{\"@id\":\"https:\/\/new.metalu.flow.ovh\/#website\"},\"datePublished\":\"2025-12-08T18:31:12+00:00\",\"dateModified\":\"2025-12-09T10:22:27+00:00\",\"breadcrumb\":{\"@id\":\"https:\/\/new.metalu.flow.ovh\/?page_id=35#breadcrumb\"},\"inLanguage\":\"fr-FR\",\"potentialAction\":[{\"@type\":\"ReadAction\",\"target\":[\"https:\/\/new.metalu.flow.ovh\/?page_id=35\"]}]},{\"@type\":\"BreadcrumbList\",\"@id\":\"https:\/\/new.metalu.flow.ovh\/?page_id=35#breadcrumb\",\"itemListElement\":[{\"@type\":\"ListItem\",\"position\":1,\"name\":\"Accueil\",\"item\":\"https:\/\/new.metalu.flow.ovh\/\"},{\"@type\":\"ListItem\",\"position\":2,\"name\":\"Pi\u00e8ces d\u00e9tach\u00e9es\",\"item\":\"https:\/\/new.metalu.flow.ovh\/?page_id=6\"},{\"@type\":\"ListItem\",\"position\":3,\"name\":\"R\u00e9capitulatif\"}]},{\"@type\":\"WebSite\",\"@id\":\"https:\/\/new.metalu.flow.ovh\/#website\",\"url\":\"https:\/\/new.metalu.flow.ovh\/\",\"name\":\"Metalu\",\"description\":\"\",\"potentialAction\":[{\"@type\":\"SearchAction\",\"target\":{\"@type\":\"EntryPoint\",\"urlTemplate\":\"https:\/\/new.metalu.flow.ovh\/?s={search_term_string}\"},\"query-input\":{\"@type\":\"PropertyValueSpecification\",\"valueRequired\":true,\"valueName\":\"search_term_string\"}}],\"inLanguage\":\"fr-FR\"}]}<\/script>\n<!-- \/ Yoast SEO plugin. -->","yoast_head_json":{"title":"R\u00e9capitulatif - Metalu","robots":{"index":"index","follow":"follow","max-snippet":"max-snippet:-1","max-image-preview":"max-image-preview:large","max-video-preview":"max-video-preview:-1"},"canonical":"https:\/\/new.metalu.flow.ovh\/?page_id=35","og_locale":"fr_FR","og_type":"article","og_title":"R\u00e9capitulatif - Metalu","og_url":"https:\/\/new.metalu.flow.ovh\/?page_id=35","og_site_name":"Metalu","article_modified_time":"2025-12-09T10:22:27+00:00","twitter_card":"summary_large_image","schema":{"@context":"https:\/\/schema.org","@graph":[{"@type":"WebPage","@id":"https:\/\/new.metalu.flow.ovh\/?page_id=35","url":"https:\/\/new.metalu.flow.ovh\/?page_id=35","name":"R\u00e9capitulatif - Metalu","isPartOf":{"@id":"https:\/\/new.metalu.flow.ovh\/#website"},"datePublished":"2025-12-08T18:31:12+00:00","dateModified":"2025-12-09T10:22:27+00:00","breadcrumb":{"@id":"https:\/\/new.metalu.flow.ovh\/?page_id=35#breadcrumb"},"inLanguage":"fr-FR","potentialAction":[{"@type":"ReadAction","target":["https:\/\/new.metalu.flow.ovh\/?page_id=35"]}]},{"@type":"BreadcrumbList","@id":"https:\/\/new.metalu.flow.ovh\/?page_id=35#breadcrumb","itemListElement":[{"@type":"ListItem","position":1,"name":"Accueil","item":"https:\/\/new.metalu.flow.ovh\/"},{"@type":"ListItem","position":2,"name":"Pi\u00e8ces d\u00e9tach\u00e9es","item":"https:\/\/new.metalu.flow.ovh\/?page_id=6"},{"@type":"ListItem","position":3,"name":"R\u00e9capitulatif"}]},{"@type":"WebSite","@id":"https:\/\/new.metalu.flow.ovh\/#website","url":"https:\/\/new.metalu.flow.ovh\/","name":"Metalu","description":"","potentialAction":[{"@type":"SearchAction","target":{"@type":"EntryPoint","urlTemplate":"https:\/\/new.metalu.flow.ovh\/?s={search_term_string}"},"query-input":{"@type":"PropertyValueSpecification","valueRequired":true,"valueName":"search_term_string"}}],"inLanguage":"fr-FR"}]}},"_links":{"self":[{"href":"https:\/\/new.metalu.flow.ovh\/index.php?rest_route=\/wp\/v2\/pages\/35","targetHints":{"allow":["GET"]}}],"collection":[{"href":"https:\/\/new.metalu.flow.ovh\/index.php?rest_route=\/wp\/v2\/pages"}],"about":[{"href":"https:\/\/new.metalu.flow.ovh\/index.php?rest_route=\/wp\/v2\/types\/page"}],"author":[{"embeddable":true,"href":"https:\/\/new.metalu.flow.ovh\/index.php?rest_route=\/wp\/v2\/users\/1"}],"replies":[{"embeddable":true,"href":"https:\/\/new.metalu.flow.ovh\/index.php?rest_route=%2Fwp%2Fv2%2Fcomments&post=35"}],"version-history":[{"count":6,"href":"https:\/\/new.metalu.flow.ovh\/index.php?rest_route=\/wp\/v2\/pages\/35\/revisions"}],"predecessor-version":[{"id":41,"href":"https:\/\/new.metalu.flow.ovh\/index.php?rest_route=\/wp\/v2\/pages\/35\/revisions\/41"}],"up":[{"embeddable":true,"href":"https:\/\/new.metalu.flow.ovh\/index.php?rest_route=\/wp\/v2\/pages\/6"}],"wp:attachment":[{"href":"https:\/\/new.metalu.flow.ovh\/index.php?rest_route=%2Fwp%2Fv2%2Fmedia&parent=35"}],"curies":[{"name":"wp","href":"https:\/\/api.w.org\/{rel}","templated":true}]}}