{"id":6,"date":"2025-12-08T15:51:03","date_gmt":"2025-12-08T15:51:03","guid":{"rendered":"https:\/\/new.metalu.flow.ovh\/?page_id=6"},"modified":"2025-12-08T17:40:36","modified_gmt":"2025-12-08T17:40:36","slug":"elementor-6","status":"publish","type":"page","link":"https:\/\/new.metalu.flow.ovh\/?page_id=6","title":{"rendered":"Pi\u00e8ces d\u00e9tach\u00e9es"},"content":{"rendered":"\t\t<div data-elementor-type=\"wp-post\" data-elementor-id=\"6\" class=\"elementor elementor-6\">\n\t\t\t\t<div class=\"elementor-element elementor-element-2bd5120 e-flex e-con-boxed e-con e-parent\" data-id=\"2bd5120\" data-element_type=\"container\">\n\t\t\t\t\t<div class=\"e-con-inner\">\n\t\t\t\t<div class=\"elementor-element elementor-element-3a35058 elementor-widget elementor-widget-shortcode\" data-id=\"3a35058\" data-element_type=\"widget\" data-widget_type=\"shortcode.default\">\n\t\t\t\t\t\t\t<div class=\"elementor-shortcode\"><form id=\"dahive-products-169d8e468776ef\" class=\"dahive-products\" method=\"post\"><div class=\"dp-breadcrumb\">\n\t\t\t<div class=\"step active\">1. Products choice<\/div>\n\t\t\t<div class=\"step\">2. Summary & contact details<\/div>\n\t\t\t<div class=\"step\">3. Confirmation<\/div>\n\t\t<\/div><div id=\"dp-cat-3\" class=\"dp-cat\" data-id=\"3\">\n\t\t\t\t\t<div class=\"accordion_in\">\n\t\t\t\t\t\t<div class=\"dp-cat-title acc_head\">Accessoires<\/div><div class=\"acc_content\"><div class=\"dp-head\"><div class=\"visuel_main\">View<\/div><div class=\"ref sort\" data-sort=\"ref\">Ref.<\/div><div class=\"name sort\" data-sort=\"name\">Product name<\/div><div class=\"plan\">Plan<\/div><div class=\"qte\">Qty.<\/div><\/div><div class=\"list\"><div class=\"dp-product\" data-id=\"29\"><div class=\"visuel_main\"><a href=\"https:\/\/new.metalu.flow.ovh\/wp-content\/uploads\/2025\/12\/Capture-decran-2025-11-19-a-16.36.20.png\" data-lity data-lity-desc=\"Vis te\u0302te marteau M16x50\"><img decoding=\"async\" width=\"227\" height=\"67\" src=\"https:\/\/new.metalu.flow.ovh\/wp-content\/uploads\/2025\/12\/Capture-decran-2025-11-19-a-16.36.20.png\" class=\"attachment-smlxmedxlrg size-smlxmedxlrg\" alt=\"\" \/><\/a><\/div><div class=\"ref\"><\/div><div class=\"name\">Vis te\u0302te marteau M16x50<\/div><div class=\"plan\"><a href=\"https:\/\/new.metalu.flow.ovh\/wp-content\/uploads\/2025\/12\/2025-12-03_11h41_33.png\" data-lity>See plan<\/a><\/div><div class=\"qte\"><input type=\"number\" id=\"qte_29\" name=\"qte[3][29]\" value=\"0\" min=\"0\"\/><\/div><\/div><\/div><\/div><\/div><\/div>\n\t\t\t<div class=\"dp-submit\">\n\t\t\t\t<input type=\"hidden\" name=\"securite_nonce\" value=\"ccfac3e8f3\"\/>\n\t\t\t\t<input type=\"hidden\" name=\"user_id\" value=\"169d8e468776ef\"\/><input type=\"submit\" name=\"dahive-products_send-liste\" value=\"Confirm quote request\"\/><\/div><\/form><\/div>\n\t\t\t\t\t\t<\/div>\n\t\t\t\t\t<\/div>\n\t\t\t\t<\/div>\n\t\t\t\t<\/div>\n\t\t","protected":false},"excerpt":{"rendered":"","protected":false},"author":1,"featured_media":0,"parent":0,"menu_order":0,"comment_status":"closed","ping_status":"closed","template":"","meta":{"site-sidebar-layout":"no-sidebar","site-content-layout":"","ast-site-content-layout":"full-width-container","site-content-style":"default","site-sidebar-style":"default","ast-global-header-display":"","ast-banner-title-visibility":"","ast-main-header-display":"","ast-hfb-above-header-display":"","ast-hfb-below-header-display":"","ast-hfb-mobile-header-display":"","site-post-title":"","ast-breadcrumbs-content":"","ast-featured-img":"disabled","footer-sml-layout":"","ast-disable-related-posts":"","theme-transparent-header-meta":"","adv-header-id-meta":"","stick-header-meta":"","header-above-stick-meta":"","header-main-stick-meta":"","header-below-stick-meta":"","astra-migrate-meta-layouts":"default","ast-page-background-enabled":"default","ast-page-background-meta":{"desktop":{"background-color":"var(--ast-global-color-5)","background-image":"","background-repeat":"repeat","background-position":"center center","background-size":"auto","background-attachment":"scroll","background-type":"","background-media":"","overlay-type":"","overlay-color":"","overlay-opacity":"","overlay-gradient":""},"tablet":{"background-color":"","background-image":"","background-repeat":"repeat","background-position":"center center","background-size":"auto","background-attachment":"scroll","background-type":"","background-media":"","overlay-type":"","overlay-color":"","overlay-opacity":"","overlay-gradient":""},"mobile":{"background-color":"","background-image":"","background-repeat":"repeat","background-position":"center center","background-size":"auto","background-attachment":"scroll","background-type":"","background-media":"","overlay-type":"","overlay-color":"","overlay-opacity":"","overlay-gradient":""}},"ast-content-background-meta":{"desktop":{"background-color":"var(--ast-global-color-4)","background-image":"","background-repeat":"repeat","background-position":"center center","background-size":"auto","background-attachment":"scroll","background-type":"","background-media":"","overlay-type":"","overlay-color":"","overlay-opacity":"","overlay-gradient":""},"tablet":{"background-color":"var(--ast-global-color-4)","background-image":"","background-repeat":"repeat","background-position":"center center","background-size":"auto","background-attachment":"scroll","background-type":"","background-media":"","overlay-type":"","overlay-color":"","overlay-opacity":"","overlay-gradient":""},"mobile":{"background-color":"var(--ast-global-color-4)","background-image":"","background-repeat":"repeat","background-position":"center center","background-size":"auto","background-attachment":"scroll","background-type":"","background-media":"","overlay-type":"","overlay-color":"","overlay-opacity":"","overlay-gradient":""}},"footnotes":""},"class_list":["post-6","page","type-page","status-publish","hentry"],"yoast_head":"<!-- This site is optimized with the Yoast SEO plugin v26.5 - https:\/\/yoast.com\/wordpress\/plugins\/seo\/ -->\n<title>Pi\u00e8ces d\u00e9tach\u00e9es - Metalu<\/title>\n<meta name=\"robots\" content=\"index, follow, max-snippet:-1, max-image-preview:large, max-video-preview:-1\" \/>\n<link rel=\"canonical\" href=\"https:\/\/new.metalu.flow.ovh\/?page_id=6\" \/>\n<meta property=\"og:locale\" content=\"fr_FR\" \/>\n<meta property=\"og:type\" content=\"article\" \/>\n<meta property=\"og:title\" content=\"Pi\u00e8ces d\u00e9tach\u00e9es - Metalu\" \/>\n<meta property=\"og:url\" content=\"https:\/\/new.metalu.flow.ovh\/?page_id=6\" \/>\n<meta property=\"og:site_name\" content=\"Metalu\" \/>\n<meta property=\"article:modified_time\" content=\"2025-12-08T17:40:36+00:00\" \/>\n<meta name=\"twitter:card\" content=\"summary_large_image\" \/>\n<meta name=\"twitter:label1\" content=\"Dur\u00e9e de lecture estim\u00e9e\" \/>\n\t<meta name=\"twitter:data1\" content=\"1 minute\" \/>\n<script type=\"application\/ld+json\" class=\"yoast-schema-graph\">{\"@context\":\"https:\/\/schema.org\",\"@graph\":[{\"@type\":\"WebPage\",\"@id\":\"https:\/\/new.metalu.flow.ovh\/?page_id=6\",\"url\":\"https:\/\/new.metalu.flow.ovh\/?page_id=6\",\"name\":\"Pi\u00e8ces d\u00e9tach\u00e9es - Metalu\",\"isPartOf\":{\"@id\":\"https:\/\/new.metalu.flow.ovh\/#website\"},\"datePublished\":\"2025-12-08T15:51:03+00:00\",\"dateModified\":\"2025-12-08T17:40:36+00:00\",\"breadcrumb\":{\"@id\":\"https:\/\/new.metalu.flow.ovh\/?page_id=6#breadcrumb\"},\"inLanguage\":\"fr-FR\",\"potentialAction\":[{\"@type\":\"ReadAction\",\"target\":[\"https:\/\/new.metalu.flow.ovh\/?page_id=6\"]}]},{\"@type\":\"BreadcrumbList\",\"@id\":\"https:\/\/new.metalu.flow.ovh\/?page_id=6#breadcrumb\",\"itemListElement\":[{\"@type\":\"ListItem\",\"position\":1,\"name\":\"Accueil\",\"item\":\"https:\/\/new.metalu.flow.ovh\/\"},{\"@type\":\"ListItem\",\"position\":2,\"name\":\"Pi\u00e8ces d\u00e9tach\u00e9es\"}]},{\"@type\":\"WebSite\",\"@id\":\"https:\/\/new.metalu.flow.ovh\/#website\",\"url\":\"https:\/\/new.metalu.flow.ovh\/\",\"name\":\"Metalu\",\"description\":\"\",\"potentialAction\":[{\"@type\":\"SearchAction\",\"target\":{\"@type\":\"EntryPoint\",\"urlTemplate\":\"https:\/\/new.metalu.flow.ovh\/?s={search_term_string}\"},\"query-input\":{\"@type\":\"PropertyValueSpecification\",\"valueRequired\":true,\"valueName\":\"search_term_string\"}}],\"inLanguage\":\"fr-FR\"}]}<\/script>\n<!-- \/ Yoast SEO plugin. -->","yoast_head_json":{"title":"Pi\u00e8ces d\u00e9tach\u00e9es - Metalu","robots":{"index":"index","follow":"follow","max-snippet":"max-snippet:-1","max-image-preview":"max-image-preview:large","max-video-preview":"max-video-preview:-1"},"canonical":"https:\/\/new.metalu.flow.ovh\/?page_id=6","og_locale":"fr_FR","og_type":"article","og_title":"Pi\u00e8ces d\u00e9tach\u00e9es - Metalu","og_url":"https:\/\/new.metalu.flow.ovh\/?page_id=6","og_site_name":"Metalu","article_modified_time":"2025-12-08T17:40:36+00:00","twitter_card":"summary_large_image","twitter_misc":{"Dur\u00e9e de lecture estim\u00e9e":"1 minute"},"schema":{"@context":"https:\/\/schema.org","@graph":[{"@type":"WebPage","@id":"https:\/\/new.metalu.flow.ovh\/?page_id=6","url":"https:\/\/new.metalu.flow.ovh\/?page_id=6","name":"Pi\u00e8ces d\u00e9tach\u00e9es - Metalu","isPartOf":{"@id":"https:\/\/new.metalu.flow.ovh\/#website"},"datePublished":"2025-12-08T15:51:03+00:00","dateModified":"2025-12-08T17:40:36+00:00","breadcrumb":{"@id":"https:\/\/new.metalu.flow.ovh\/?page_id=6#breadcrumb"},"inLanguage":"fr-FR","potentialAction":[{"@type":"ReadAction","target":["https:\/\/new.metalu.flow.ovh\/?page_id=6"]}]},{"@type":"BreadcrumbList","@id":"https:\/\/new.metalu.flow.ovh\/?page_id=6#breadcrumb","itemListElement":[{"@type":"ListItem","position":1,"name":"Accueil","item":"https:\/\/new.metalu.flow.ovh\/"},{"@type":"ListItem","position":2,"name":"Pi\u00e8ces d\u00e9tach\u00e9es"}]},{"@type":"WebSite","@id":"https:\/\/new.metalu.flow.ovh\/#website","url":"https:\/\/new.metalu.flow.ovh\/","name":"Metalu","description":"","potentialAction":[{"@type":"SearchAction","target":{"@type":"EntryPoint","urlTemplate":"https:\/\/new.metalu.flow.ovh\/?s={search_term_string}"},"query-input":{"@type":"PropertyValueSpecification","valueRequired":true,"valueName":"search_term_string"}}],"inLanguage":"fr-FR"}]}},"_links":{"self":[{"href":"https:\/\/new.metalu.flow.ovh\/index.php?rest_route=\/wp\/v2\/pages\/6","targetHints":{"allow":["GET"]}}],"collection":[{"href":"https:\/\/new.metalu.flow.ovh\/index.php?rest_route=\/wp\/v2\/pages"}],"about":[{"href":"https:\/\/new.metalu.flow.ovh\/index.php?rest_route=\/wp\/v2\/types\/page"}],"author":[{"embeddable":true,"href":"https:\/\/new.metalu.flow.ovh\/index.php?rest_route=\/wp\/v2\/users\/1"}],"replies":[{"embeddable":true,"href":"https:\/\/new.metalu.flow.ovh\/index.php?rest_route=%2Fwp%2Fv2%2Fcomments&post=6"}],"version-history":[{"count":8,"href":"https:\/\/new.metalu.flow.ovh\/index.php?rest_route=\/wp\/v2\/pages\/6\/revisions"}],"predecessor-version":[{"id":20,"href":"https:\/\/new.metalu.flow.ovh\/index.php?rest_route=\/wp\/v2\/pages\/6\/revisions\/20"}],"wp:attachment":[{"href":"https:\/\/new.metalu.flow.ovh\/index.php?rest_route=%2Fwp%2Fv2%2Fmedia&parent=6"}],"curies":[{"name":"wp","href":"https:\/\/api.w.org\/{rel}","templated":true}]}}